{"id":17,"date":"2022-12-31T22:24:15","date_gmt":"2022-12-31T20:24:15","guid":{"rendered":"http:\/\/185.96.163.203\/wordpress\/?page_id=17"},"modified":"2023-06-07T12:01:52","modified_gmt":"2023-06-07T09:01:52","slug":"senioriosasto","status":"publish","type":"page","link":"http:\/\/185.96.163.203\/wordpress\/?page_id=17","title":{"rendered":"Senioriosasto"},"content":{"rendered":"\n<div class=\"wp-block-columns is-layout-flex wp-container-core-columns-is-layout-9d6595d7 wp-block-columns-is-layout-flex\">\n<div class=\"wp-block-column is-layout-flow wp-block-column-is-layout-flow\">\n<p>Senioriosasto toimii aktiivisesti s\u00e4ilytt\u00e4\u00e4kseen vapaaehtoisen palokuntaty\u00f6n aatteelliset perinteet, hoitaa suhdetoimintaa palokunnan kannalta t\u00e4rkeisiin sidosryhmiin, avustaa palokunnan varainhankinnassa ja osallistuu talkootoimintaan sek\u00e4 muuhun yhdistystoimintaan. Kokoontuminen tarpeen mukaan.<\/p>\n\n\n\n<p>P\u00e4\u00e4syvaatimukset ovat:<\/p>\n\n\n\n<ul class=\"wp-block-list\">\n<li>Palokunta toimintaa yli 20 vuotta<\/li>\n\n\n\n<li>V\u00e4hint\u00e4\u00e4n 55 vuotta t\u00e4ytt\u00e4neet<\/li>\n<\/ul>\n\n\n\n<div class=\"wp-block-columns is-layout-flex wp-container-core-columns-is-layout-9d6595d7 wp-block-columns-is-layout-flex\">\n<div class=\"wp-block-column is-layout-flow wp-block-column-is-layout-flow\">\n<figure class=\"wp-block-image size-full\"><img loading=\"lazy\" decoding=\"async\" width=\"440\" height=\"424\" src=\"http:\/\/185.96.163.203\/wordpress\/wp-content\/uploads\/2023\/06\/Miilukangas.png\" alt=\"\" class=\"wp-image-130\" srcset=\"http:\/\/185.96.163.203\/wordpress\/wp-content\/uploads\/2023\/06\/Miilukangas.png 440w, http:\/\/185.96.163.203\/wordpress\/wp-content\/uploads\/2023\/06\/Miilukangas-300x289.png 300w\" sizes=\"auto, (max-width: 440px) 100vw, 440px\" \/><\/figure>\n<\/div>\n\n\n\n<div class=\"wp-block-column is-layout-flow wp-block-column-is-layout-flow\">\n<p>Lis\u00e4tietoja antaa<br>Seniori-osaston johtaja<br>Janne Miilukangas<br><a href=\"Tel:0449718874\">Puh. 044-971 8874<\/a><br><a href=\"mailto:s&#101;&#110;&#105;&#111;&#114;&#105;&#116;&#64;&#118;&#101;&#x69;&#x6b;&#x6b;&#x6f;&#x6c;&#x61;&#x76;&#x70;&#x6b;&#x2d;&#x66;&#x62;&#x6b;&#x2e;&#x66;i\">&#115;&#x65;&#110;&#x69;&#111;&#x72;i&#x74;&#64;&#118;&#x65;&#105;&#x6b;&#107;&#x6f;l&#x61;v&#112;&#x6b;&#45;&#x66;&#98;&#x6b;&#46;&#x66;i<\/a><\/p>\n<\/div>\n<\/div>\n\n\n\n<figure class=\"wp-block-image size-full is-resized\"><img loading=\"lazy\" decoding=\"async\" src=\"http:\/\/185.96.163.203\/wordpress\/wp-content\/uploads\/2022\/12\/seniorit.jpg\" alt=\"\" class=\"wp-image-18\" width=\"878\" height=\"634\" srcset=\"http:\/\/185.96.163.203\/wordpress\/wp-content\/uploads\/2022\/12\/seniorit.jpg 878w, http:\/\/185.96.163.203\/wordpress\/wp-content\/uploads\/2022\/12\/seniorit-300x217.jpg 300w, http:\/\/185.96.163.203\/wordpress\/wp-content\/uploads\/2022\/12\/seniorit-768x555.jpg 768w\" sizes=\"auto, (max-width: 878px) 100vw, 878px\" \/><\/figure>\n<\/div>\n<\/div>\n","protected":false},"excerpt":{"rendered":"<p>Senioriosasto toimii aktiivisesti s\u00e4ilytt\u00e4\u00e4kseen vapaaehtoisen palokuntaty\u00f6n aatteelliset perinteet, hoitaa suhdetoimintaa palokunnan kannalta t\u00e4rkeisiin sidosryhmiin, avustaa palokunnan varainhankinnassa ja osallistuu talkootoimintaan sek\u00e4 muuhun yhdistystoimintaan. Kokoontuminen tarpeen mukaan. P\u00e4\u00e4syvaatimukset ovat: Lis\u00e4tietoja antaaSeniori-osaston johtajaJanne MiilukangasPuh. 044-971 8874&#x73;&#x65;&#x6e;&#x69;&#x6f;&#x72;&#x69;&#x74;&#64;&#118;&#101;&#105;&#107;&#107;&#111;lavp&#x6b;&#x2d;&#x66;&#x62;&#x6b;&#x2e;&#x66;&#x69;<\/p>\n","protected":false},"author":1,"featured_media":0,"parent":0,"menu_order":3,"comment_status":"closed","ping_status":"closed","template":"templates\/template-full-width.php","meta":{"footnotes":""},"class_list":["post-17","page","type-page","status-publish","hentry"],"_links":{"self":[{"href":"http:\/\/185.96.163.203\/wordpress\/index.php?rest_route=\/wp\/v2\/pages\/17","targetHints":{"allow":["GET"]}}],"collection":[{"href":"http:\/\/185.96.163.203\/wordpress\/index.php?rest_route=\/wp\/v2\/pages"}],"about":[{"href":"http:\/\/185.96.163.203\/wordpress\/index.php?rest_route=\/wp\/v2\/types\/page"}],"author":[{"embeddable":true,"href":"http:\/\/185.96.163.203\/wordpress\/index.php?rest_route=\/wp\/v2\/users\/1"}],"replies":[{"embeddable":true,"href":"http:\/\/185.96.163.203\/wordpress\/index.php?rest_route=%2Fwp%2Fv2%2Fcomments&post=17"}],"version-history":[{"count":6,"href":"http:\/\/185.96.163.203\/wordpress\/index.php?rest_route=\/wp\/v2\/pages\/17\/revisions"}],"predecessor-version":[{"id":131,"href":"http:\/\/185.96.163.203\/wordpress\/index.php?rest_route=\/wp\/v2\/pages\/17\/revisions\/131"}],"wp:attachment":[{"href":"http:\/\/185.96.163.203\/wordpress\/index.php?rest_route=%2Fwp%2Fv2%2Fmedia&parent=17"}],"curies":[{"name":"wp","href":"https:\/\/api.w.org\/{rel}","templated":true}]}}