{"id":22,"date":"2022-12-31T23:15:13","date_gmt":"2022-12-31T21:15:13","guid":{"rendered":"http:\/\/185.96.163.203\/wordpress\/?page_id=22"},"modified":"2023-01-01T03:59:27","modified_gmt":"2023-01-01T01:59:27","slug":"historia","status":"publish","type":"page","link":"http:\/\/185.96.163.203\/wordpress\/?page_id=22","title":{"rendered":"Historia"},"content":{"rendered":"\n<div class=\"wp-block-columns is-layout-flex wp-container-core-columns-is-layout-9d6595d7 wp-block-columns-is-layout-flex\">\n<div class=\"wp-block-column is-layout-flow wp-block-column-is-layout-flow\">\n<p>9.06.1961 kokoontui kauppias Suomisen luokse joukko VPK aatteesta kiinnostuneita henkil\u00f6it\u00e4 asiasta keskustelemaan. Keskustelun tuloksena p\u00e4\u00e4tettiin perustaa vapaapalokunta Veikkolaan. Keskustelussa k\u00e4ytetyist\u00e4 puheenvuoroista k\u00e4vi ilmi todellinen tarve pe rustaa vapaaehtoinen palokunta. T\u00e4rkein syy oli Veikkolan alueen v\u00e4kiluku, joka l\u00e4hentelee 600 asukasta, sek\u00e4 t\u00e4m\u00e4n lis\u00e4ksi melkoinen m\u00e4\u00e4r\u00e4 huvilarakennuksia joissa asutaan vain kes\u00e4isin. V\u00e4liaikaisesti siksi kunnes yleisess\u00e4 kokouksessa asiasta tarkemmin p\u00e4\u00e4tet\u00e4\u00e4n, valittiin vastaperustetun vapaaehtoisen palokunnan puheenjohtajaksi kauppias Suominen, joka on piirin kunnallinen palop\u00e4\u00e4llikk\u00f6. Sihteeriksi valittiin opettaja V\u00e4\u00e4n\u00e4nen. Edell\u00e4 mainitut yhdess\u00e4 herrojen Ranta &#8211; Aho ja \u00c5strand kanssa saivat teht\u00e4v\u00e4kseen valmistaa s\u00e4\u00e4nt\u00f6ehdotuksen yleiselle kokoukselle. Yleinen kokous tullaan pit\u00e4m\u00e4\u00e4n hein\u00e4kuun 30 p\u00e4iv\u00e4n\u00e4 Lammij\u00e4ven Vapaarannalla Lammaskalliolla. T\u00e4h\u00e4n tilaisuuteen on my\u00f6s tarkoitus saada palosuojelu ja torjuntan\u00e4yt\u00f6s kunnan muiden palokuntien avustuksella. N\u00e4yt\u00f6ksest\u00e4 on ennakolta sovittu kunnan palop\u00e4\u00e4llikk\u00f6 Hoffmanin kanssa. Kokouksessa olivat l\u00e4sn\u00e4 keskusliiton edustajat herrat Jansson ja Vigell. Koska palokunta-aate ei tunne mit\u00e4\u00e4n poliittisia eik\u00e4 kielellisi\u00e4 rajoja, p\u00e4\u00e4tettiin vastaperustetun vapaapalokunnan nimeksi ehdottaa Veikkolan vapaaehtoinen palokunta &#8211; Veikkola frivilliga brandk\u00e5r.&nbsp;<\/p>\n<\/div>\n\n\n\n<div class=\"wp-block-column is-layout-flow wp-block-column-is-layout-flow\">\n<figure class=\"wp-block-image size-full is-resized\"><img loading=\"lazy\" decoding=\"async\" src=\"http:\/\/185.96.163.203\/wordpress\/wp-content\/uploads\/2022\/12\/historia.jpg\" alt=\"\" class=\"wp-image-23\" width=\"500\" height=\"375\" srcset=\"http:\/\/185.96.163.203\/wordpress\/wp-content\/uploads\/2022\/12\/historia.jpg 500w, http:\/\/185.96.163.203\/wordpress\/wp-content\/uploads\/2022\/12\/historia-300x225.jpg 300w\" sizes=\"auto, (max-width: 500px) 100vw, 500px\" \/><\/figure>\n<\/div>\n<\/div>\n\n\n\n<p><strong>Palosuojelun\u00e4yt\u00f6s Veikkolassa<\/strong><br>Hein\u00e4kuun viimeisen\u00e4 sunnuntaina klo.16.00 oli Veikkolan lammaskallion seutuville ker\u00e4\u00e4ntynyt joukko asianharrastajia ja uteliaita. samaan aikaan alkoi kuulua tuttu, mutta aina vavahduttava \u00e4\u00e4ni, paikalle ajoi kolme paloautoa palotorviaan hieman ulvottaen. N\u00e4m\u00e4 olivat Kylm\u00e4l\u00e4n, Evitskogin FBK:t sek\u00e4 kallion vakinainen Helsingist\u00e4. Varsinaisen ohjelman aloitti hallituksen puheenjohtaja V. Suominen lausuen l\u00e4sn\u00e4olijat tervetulleiksi. Kunnan tervehdyksen esitti kunnanjohtaja G. S\u00f6derstr\u00f6m. Palokuntien keskusliiton tervehdyksen esitti V. Leskinen.<\/p>\n\n\n\n<p>&nbsp;<br>Kylm\u00e4l\u00e4n ja Evitskogin palokuntien hienoilla kalustoillaan suorittaman havaintoesityksen j\u00e4lkeen Veikkola n\u00e4ytti miten se t\u00e4ll\u00e4 hetkell\u00e4 on 40 vuotta ajastaan j\u00e4ljess\u00e4, mutta lupasi my\u00f6s mahdollisimman pian aloittaa ajan kiinnioton. Heid\u00e4n esityksens\u00e4 k\u00e4sitti vanhan k\u00e4siruiskun k\u00e4yt\u00f6n, ja t\u00e4ll\u00f6in k\u00e4vi ilmi, ett\u00e4 ellei palo pian sammu niin palomiehet sammuvat. Palontorjuntaesitysten j\u00e4lkeen seurasi yleinen kokous, jossa p\u00e4\u00e4tettiin hallituksen kokoonpanosta seuraavasti: Puheenjohtaja Olavi Suominen, varapj. Oiva Ranta-Aho, rahastonhoitaja Kaarlo Vickstr\u00f6m, sihteeri Teuvo V\u00e4\u00e4n\u00e4nen, varasihteeri Eero Noponen ja varalle Rainer Blom sek\u00e4 Vilho \u00c5strand. Itseoikeutettuna j\u00e4senen\u00e4 palokunnan p\u00e4\u00e4llikk\u00f6 Vilho \u00c5strand. Ensimm\u00e4inen varap\u00e4\u00e4llikk\u00f6 on Olavi Suominen ja toinen Oiva Ranta-Aho. Juhlapaikalle oli my\u00f6s j\u00e4rjestetty makkaranpaistotilaisuus jonka tulot sijoitettiin VPK &#8211; FBK:n toiminnan rahoittamiseen. Voimme t\u00e4ss\u00e4 ohessa mainita ett\u00e4 palokunnan toiminta on jo alkanut my\u00f6s nimens\u00e4 mukaisesti, onhan se l\u00e4htenyt jo kahdesti h\u00e4lytyksen johdosta osallistumaan sammutust\u00f6ihin. J\u00e4\u00e4mme odottamaan nuoren esikoisen kehityst\u00e4 ja runsasta j\u00e4senist\u00f6ns\u00e4 m\u00e4\u00e4r\u00e4\u00e4.<\/p>\n\n\n\n<p>&nbsp;<br>Tuon p\u00e4iv\u00e4n aikoihin oli h\u00e4lytyksiin menon tapahduttava omin kulkuv\u00e4linein ja Suominen toi ruiskun sille rakennetusta kopista omalla autollaan. Mutta jo seuraavana vuonna hankittiin palokunnalle autoksi Land-Rover jonka s\u00e4ilytyspaikka oli ainakin koululla sek\u00e4 er\u00e4\u00e4n palokuntalaisen tallissa kahdessakin eri paikassa. Toiminta oli vire\u00e4\u00e4 ja l\u00e4hes kaikki kyl\u00e4n pojat varmaan kuuluivat palokuntaan. Hankittiin vesisukellukseen tarvittavat v\u00e4lineet sek\u00e4 puku, ja k\u00e4ytiin sukeltamassa kun kysynt\u00e4\u00e4 oli aina viroa my\u00f6ten.&nbsp;<\/p>\n\n\n\n<p>Runsaan kymmenen vuoden j\u00e4lkeen kuitenkin huomattiin ettei pieni paloautomme oikein soveltunut sen ajan vaatimuksiin ja teht\u00e4viin. ( Asukasm\u00e4\u00e4r\u00e4 \/ Liikenne ) jotenka 1976 ryhdyttiin toimiin isomman auton saamiseksi Veikkolaan. Rahoituksen j\u00e4rjestelemisess\u00e4 oli vain tekemist\u00e4 koska aina tarvitaan my\u00f6s omaa osallistumista. Auto Mercedes Benz LF 911 kuitenkin tuli ja uutta kalustoa sen my\u00f6t\u00e4 Kyll\u00e4 tuntui hienolta kun oli kalustotilaa, vett\u00e4 sek\u00e4 viel\u00e4 miehist\u00f6tilaakin samassa autossa.\u00a0<\/p>\n\n\n\n<p><br>Viel\u00e4 puuttui kuitenkin paljon, ja yksi t\u00e4rkeimmist\u00e4 oli oma paloasema. Autot olivatkin vuokratallissa sijoitettuna per\u00e4kk\u00e4in ja ahdasta oli. Vuonna 1982 palokunnalle tarjoutui mahdollisuus ostaa koko kiinteist\u00f6, jossa paloautomme oli sijoitettuna. Kaupat tehtiinkin 27.12.1982 ja n\u00e4in meille tuli omat tilat. Mutta niin se vaan on ettei mik\u00e4\u00e4n tuntunut riitt\u00e4v\u00e4n, kun kyl\u00e4 sen tuomin teht\u00e4vin palokunnalle kasvoi, niin kasvoi my\u00f6s palokunnan kalusto ja tarvittiin lis\u00e4\u00e4 tilaa. Hankittiin KS 87 ja rakennettiin uusi palokunnan osa maatallien p\u00e4\u00e4lle. N\u00e4iss\u00e4 tiloissa on sitten toimittu t\u00e4h\u00e4n p\u00e4iv\u00e4\u00e4n.\u00a0<\/p>\n\n\n\n<p><br>Historiamme suurimpien hankkeiden aikana on hallitusta johtanut Olavi Suominen, Stig Packalen, Kalevi Suominen, Raimo Vihko ja J\u00f6rgen Gr\u00f6nholm. Historiamme tuntee nelj\u00e4 p\u00e4\u00e4llikk\u00f6\u00e4 j\u00e4rjestyksess\u00e4\u00e4n vuodesta -61 t\u00e4h\u00e4n p\u00e4iv\u00e4\u00e4n Vilho \u00c5strand, Kaarlo Vickstr\u00f6m, Juhani Jokinen ja Sami Viholainen.<\/p>\n\n\n\n<p>\u00a0<br>Palokunnallamme on my\u00f6s yst\u00e4vyyspalokunta Saksan Behrenseeniss\u00e4 joidenka seurassa olemme saaneet viett\u00e4\u00e4 monta ikimuistoista hetke\u00e4, niin meid\u00e4n vieraillessamme saksassa, kuin heid\u00e4n vieraillessaan Suomessa.<\/p>\n\n\n\n<p><\/p>\n","protected":false},"excerpt":{"rendered":"<p>9.06.1961 kokoontui kauppias Suomisen luokse joukko VPK aatteesta kiinnostuneita henkil\u00f6it\u00e4 asiasta keskustelemaan. Keskustelun tuloksena p\u00e4\u00e4tettiin perustaa vapaapalokunta Veikkolaan. Keskustelussa k\u00e4ytetyist\u00e4 puheenvuoroista k\u00e4vi ilmi todellinen tarve pe rustaa vapaaehtoinen palokunta. T\u00e4rkein syy oli Veikkolan alueen v\u00e4kiluku, joka l\u00e4hentelee 600 asukasta, sek\u00e4 t\u00e4m\u00e4n lis\u00e4ksi melkoinen m\u00e4\u00e4r\u00e4 huvilarakennuksia joissa asutaan vain kes\u00e4isin. V\u00e4liaikaisesti siksi kunnes yleisess\u00e4 kokouksessa asiasta [&hellip;]<\/p>\n","protected":false},"author":1,"featured_media":0,"parent":0,"menu_order":4,"comment_status":"closed","ping_status":"closed","template":"templates\/template-full-width.php","meta":{"footnotes":""},"class_list":["post-22","page","type-page","status-publish","hentry"],"_links":{"self":[{"href":"http:\/\/185.96.163.203\/wordpress\/index.php?rest_route=\/wp\/v2\/pages\/22","targetHints":{"allow":["GET"]}}],"collection":[{"href":"http:\/\/185.96.163.203\/wordpress\/index.php?rest_route=\/wp\/v2\/pages"}],"about":[{"href":"http:\/\/185.96.163.203\/wordpress\/index.php?rest_route=\/wp\/v2\/types\/page"}],"author":[{"embeddable":true,"href":"http:\/\/185.96.163.203\/wordpress\/index.php?rest_route=\/wp\/v2\/users\/1"}],"replies":[{"embeddable":true,"href":"http:\/\/185.96.163.203\/wordpress\/index.php?rest_route=%2Fwp%2Fv2%2Fcomments&post=22"}],"version-history":[{"count":5,"href":"http:\/\/185.96.163.203\/wordpress\/index.php?rest_route=\/wp\/v2\/pages\/22\/revisions"}],"predecessor-version":[{"id":40,"href":"http:\/\/185.96.163.203\/wordpress\/index.php?rest_route=\/wp\/v2\/pages\/22\/revisions\/40"}],"wp:attachment":[{"href":"http:\/\/185.96.163.203\/wordpress\/index.php?rest_route=%2Fwp%2Fv2%2Fmedia&parent=22"}],"curies":[{"name":"wp","href":"https:\/\/api.w.org\/{rel}","templated":true}]}}