{"id":55,"date":"2023-01-01T19:03:22","date_gmt":"2023-01-01T17:03:22","guid":{"rendered":"http:\/\/185.96.163.203\/wordpress\/?page_id=55"},"modified":"2023-06-07T11:09:56","modified_gmt":"2023-06-07T08:09:56","slug":"vuokratila","status":"publish","type":"page","link":"http:\/\/185.96.163.203\/wordpress\/?page_id=55","title":{"rendered":"Vuokratila"},"content":{"rendered":"\n<figure class=\"wp-block-table\"><table><tbody><tr><td>Arkip\u00e4iv\u00e4 (ma-to)<\/td><td>100\u20ac<\/td><\/tr><tr><td>Arki-ilta (ma-to)<\/td><td>60\u20ac<\/td><\/tr><tr><td>Viikonloppu, p\u00e4iv\u00e4 tai ilta (pe-su)<\/td><td>180\u20ac<\/td><\/tr><tr><td>Viikonloppu, 2 p\u00e4iv\u00e4\u00e4<\/td><td>250\u20ac<\/td><\/tr><\/tbody><\/table><\/figure>\n\n\n\n<p><strong>Varaukset<\/strong><br>Vuokratilan varauksen voi tehd\u00e4 l\u00e4hett\u00e4m\u00e4ll\u00e4 s\u00e4hk\u00f6postia osoitteeseen: <a href=\"&#x6d;&#x61;&#105;&#108;t&#x6f;&#x3a;&#x76;&#117;ok&#x72;&#x61;&#116;&#105;l&#x61;&#x40;&#x76;&#101;ik&#x6b;&#x6f;&#108;&#97;v&#x70;&#x6b;&#x2d;&#102;bk&#x2e;&#x66;&#105;\">&#118;&#x75;o&#107;&#x72;a&#116;&#x69;l&#97;&#x40;v&#101;&#x69;&#107;&#x6b;&#x6f;&#108;&#x61;&#x76;&#112;&#x6b;-&#102;&#x62;k&#46;&#x66;i<\/a> <\/p>\n\n\n\n<p><strong>Yleiset ehdot<\/strong><br>Vuokralainen sitoutuu noudattamaan seuraavia ehtoja sek\u00e4 korvaamaan vahingot, jotka n\u00e4ist\u00e4 s\u00e4\u00e4nn\u00f6ist\u00e4 poikkeaminen aiheuttaa.<\/p>\n\n\n\n<p><br><strong>Vuokrauksesta yleisesti<\/strong><br>J\u00e4rjestett\u00e4v\u00e4t tilaisuudet ovat yksityistilaisuuksia. Tilojen vuokraajan tulee olla v\u00e4hint\u00e4\u00e4n 24 -vuotias ellei ole toisin sovittu. Vuokraaja on sopimussuhteessa vuokranantajaan ja vuokraaja kantaa vastuun vuokrasopimuksen ehtojen noudattamisesta.<\/p>\n\n\n\n<p><strong>Vuokrauksen kohde<\/strong><br>Vuokrauksen kohteena on sovitun mukaisesti:<br>Kokous\/juhlatila sek\u00e4 niiden yhteyteen kuuluvat tilat. Vuokraukseen sis\u00e4ltyy oikeus piha-alueen ja parkkipaikan k\u00e4ytt\u00f6\u00f6n (Vanhatie 22)<\/p>\n\n\n\n<p><br>Ylivoimaisesta esteest\u00e4 johtuvan syyn vuoksi (esim. vesivahinko, tulipalo tai ilkivalta) Veikkola VPK-FBK:lla on oikeus perua varaus ennen tilaisuuden ajankohtaa ilman korvausvelvollisuutta. Vuokralaisella on t\u00e4ll\u00f6in oikeus saada mahdollisesti etuk\u00e4teen maksamansa summa takaisin kokonaisuudessaan.<\/p>\n\n\n\n<p><strong>Vahingot<\/strong><br>Vuokralainen on velvollinen korvaamaan vuokrauksen aikana tiloille\/irtaimistolle aiheutuneet vahingot kiinteist\u00f6n omistajalle. Mahdolliset vuokratiloihin kohdistuneet vuokrauksesta syntyneet huomattavat vauriot hoidetaan kuntoon VPK:n tilaamana ja ne laskutetaan&nbsp;vuokralaiselta t\u00e4ysimittaisena.<\/p>\n\n\n\n<p><strong>Koristelu<\/strong><br>Tila vuokrataan peruskalustuksella, jota vuokralainen voi k\u00e4ytt\u00e4\u00e4 parhaaksi katsomallaan tavalla tilaisuutensa j\u00e4rjest\u00e4miseksi. Vuokra-ajan p\u00e4\u00e4ttyess\u00e4 kalusteet tulee asetella takaisin perusmuotoon tai miten muuten siit\u00e4 on sovittu. Vuokranantaja antaa tarvittaessa ohjeita ja neuvoja.<\/p>\n\n\n\n<p><strong>Liikennej\u00e4rjestelyt<\/strong><br>Pys\u00e4k\u00f6intialue sijaitsee tilan edess\u00e4 ja tilan v\u00e4litt\u00f6m\u00e4ss\u00e4 l\u00e4heisyydess\u00e4 (Vanhatie 22).<\/p>\n\n\n\n<p><strong>Tiloihin p\u00e4\u00e4sy ja yleinen j\u00e4rjestys<\/strong><br>Avain on noudettavissa talonmiehelt\u00e4 erikseen sovittuna aikana. Lis\u00e4ksi voidaan k\u00e4ytt\u00e4\u00e4 erikseen sovittua sis\u00e4\u00e4np\u00e4\u00e4sykoodia. Vuokralainen vastaa vuokra-ajan p\u00e4\u00e4ttyess\u00e4 tilojen lukitsemisesta ja mahdollisen avaimen palauttamisesta. Kadonneesta avaimesta veloitetaan 200 \u20ac.<\/p>\n\n\n\n<p>Vuokralainen vastaa vuokra- ja j\u00e4rjestelyaikana, ettei ulkopuolisilla ole p\u00e4\u00e4sy\u00e4 tiloihin. Iltakokouksien osalta tilojen tulee olla tyhj\u00e4n\u00e4 klo 24 menness\u00e4, ellei muuta ole erikseen sovittu. Veikkola VPK-FBK:lla, sen valtuuttamalla edustajalla tai viranomaisella on oikeus keskeytt\u00e4\u00e4 tilaisuus, mik\u00e4li siit\u00e4 katsotaan aiheutuvan vaaraa tai haittaa kiinteist\u00f6lle ja\/tai irtaimistolle. Tilaisuus voidaan keskeytt\u00e4\u00e4 my\u00f6s, mik\u00e4li vuokraehtoja ei noudateta.<\/p>\n\n\n\n<p>Tavallisesti hiljaisuus on m\u00e4\u00e4ritelty ajalle 22\u201307. Y\u00f6aikaan ei saa&nbsp;aiheuttaa&nbsp;kohtuutonta&nbsp;melua. Naapureiden kotirauhaa ei saa h\u00e4irit\u00e4 liiallisella melulla. My\u00f6s piha-alueet kuuluvat kotirauhan piiriin, joten metelin&nbsp;aiheuttaminen&nbsp;niiss\u00e4 voidaan joissain tapauksissa tulkita kotirauhan rikkomiseksi.<\/p>\n\n\n\n<p><strong>Keitti\u00f6<\/strong><br>Vuokralaisen k\u00e4yt\u00f6ss\u00e4 on juhlatilan keitti\u00f6. Vuokralainen vastaa keitti\u00f6n siivouksesta ja j\u00e4rjestyksest\u00e4. Tiloissa olevat astiat kuuluvat vuokraukseen. Keitti\u00f6n laitteiden ja pintojen tulee vuokra-ajan p\u00e4\u00e4ttyess\u00e4 olla siistit ja puhtaat. Mik\u00e4li t\u00e4st\u00e4 aiheutuu vuokranantajalle lis\u00e4ty\u00f6t\u00e4 tai astioita\/laitteita rikkoutuu tai katoaa, vuokralainen sitoutuu korvaamaan t\u00e4st\u00e4 aiheutuvan vahingon.<\/p>\n\n\n\n<p><strong>Paloturvallisuus ja vesivahingot<\/strong><br>Tupakointi sis\u00e4tiloissa on ehdottomasti kielletty. Tupakointi on sallittu ainoastaan piha-alueella siten, ettei siit\u00e4 aiheudu haittaa. Tupakantumpit laitetaan niille varatuille astioille eik\u00e4 niit\u00e4 saa heitt\u00e4\u00e4 ymp\u00e4rist\u00f6\u00f6n.<\/p>\n\n\n\n<p><br>Kynttil\u00f6iden k\u00e4ytt\u00f6 sis\u00e4tiloissa valvottuna on sallittua. Ulkotulia k\u00e4ytett\u00e4ess\u00e4 tulee ne sijoittaa v\u00e4hint\u00e4\u00e4n kahden (2) metrin p\u00e4\u00e4h\u00e4n rakenteista ja rakennuksen seinist\u00e4 niin, ettei niist\u00e4 aiheudu vahinkoa kasvillisuudelle tai irtaimistolle. Ulkotulet tulee sammuttaa tilaisuuden p\u00e4\u00e4ttyess\u00e4. Vuokralaisen tulee noudattaa paloturvallisuuden osalta erityist\u00e4 huolellisuutta.<\/p>\n\n\n\n<p><br>Tilassa on paloh\u00e4lyttimet, palosammutin ja sammutuspeite. H\u00e4t\u00e4ulosk\u00e4yntej\u00e4 on kaksi ja ne on merkitty opastein. Tilasta l\u00f6ytyy my\u00f6s ensiapukaappi sis\u00e4lt\u00f6ineen.<\/p>\n\n\n\n<p><br>Mahdollisen vahingon sattuessa tulee vuokralaisen ottaa v\u00e4litt\u00f6m\u00e4sti yhteytt\u00e4 vuokranantajaan.<\/p>\n\n\n\n<p><strong>Siivous<\/strong><br>Siivousta koskevista aikarajoista sovitaan tapauskohtaisesti vuokrattaessa. Vuokralainen huolehtii vuokraamiensa tilojen ja ulko-ovien l\u00e4heisyydess\u00e4 olevien alueiden siivouksesta (esim. roskat, rekvisiitat, pullot\/t\u00f6lkit, tupakantumpit). Roskat tulee koota j\u00e4tes\u00e4kkeihin ja vied\u00e4 ulkona oleviin j\u00e4teastioihin. Vuokralainen huolehtii tyhjien pullojen\/t\u00f6lkkien kierr\u00e4tyksest\u00e4 viem\u00e4ll\u00e4 ne mukanaan vuokra-ajan p\u00e4\u00e4ttyess\u00e4 ellei toisin ole sovittu. Lis\u00e4ksi tilassa k\u00e4yt\u00f6ss\u00e4 olleet kalusteet tulee j\u00e4rjest\u00e4\u00e4 takaisin perusmuotoon. Vuokralainen vastaa lattiapintojen ja wc-tilojen siivoamisesta.<\/p>\n\n\n\n<p><br>Vuokra-ajan p\u00e4\u00e4ttyess\u00e4 vuokralaisen tulee vied\u00e4 mukanaan kaikki tiloihin tuomansa tavarat. Tilojen tulee olla luovutettaessa takaisin lukittuna sek\u00e4 sovitussa palautuskunnossa.<\/p>\n\n\n\n<p><br>Mik\u00e4li vuokralaiselta edellytetty\u00e4 siivousta ei ole tehty, veloitetaan siivouksen laiminly\u00f6nnist\u00e4 200 \u20ac. Mik\u00e4li kustannukset ovat suuremmat, niin veloitus tehd\u00e4\u00e4n todellisen summan mukaisesti.<\/p>\n\n\n\n<p><strong>Muuta huomioitavaa<\/strong><br>Vuokratuissa tiloissa ei ole sallittua naulata, liimata tai muuten vahingoittaa rakennuksen seini\u00e4, ovia tai kalusteita. Verhoja ei saa poistaa tai siirt\u00e4\u00e4 ilman lupaa. Rikkoutuneista rakenteista\/kalustosta aiheutuvasta ylim\u00e4\u00e4r\u00e4isest\u00e4 siivousty\u00f6st\u00e4 veloitetaan erikseen. Omia kalusteita\/laitteita k\u00e4ytett\u00e4ess\u00e4 on huolehdittava, etteiv\u00e4t ne vaurioita tilojen rakenteita (sein\u00e4t, lattiat, katot).<\/p>\n\n\n\n<p class=\"has-accent-color has-text-color\"><strong>Paloaseman alapihalla pys\u00e4k\u00f6inti on ehdottomasti kielletty!<\/strong><\/p>\n\n\n\n<figure class=\"wp-block-image size-full\"><img loading=\"lazy\" decoding=\"async\" width=\"804\" height=\"338\" src=\"http:\/\/185.96.163.203\/wordpress\/wp-content\/uploads\/2023\/01\/kartta.png\" alt=\"\" class=\"wp-image-58\" srcset=\"http:\/\/185.96.163.203\/wordpress\/wp-content\/uploads\/2023\/01\/kartta.png 804w, http:\/\/185.96.163.203\/wordpress\/wp-content\/uploads\/2023\/01\/kartta-300x126.png 300w, http:\/\/185.96.163.203\/wordpress\/wp-content\/uploads\/2023\/01\/kartta-768x323.png 768w\" sizes=\"auto, (max-width: 804px) 100vw, 804px\" \/><\/figure>\n\n\n\n<div class=\"wp-block-columns is-layout-flex wp-container-core-columns-is-layout-9d6595d7 wp-block-columns-is-layout-flex\">\n<div class=\"wp-block-column is-layout-flow wp-block-column-is-layout-flow\">\n<figure class=\"wp-block-image size-full\"><img loading=\"lazy\" decoding=\"async\" width=\"960\" height=\"720\" src=\"http:\/\/185.96.163.203\/wordpress\/wp-content\/uploads\/2023\/06\/WhatsApp-Image-2023-05-12-at-09.00.34.jpeg\" alt=\"\" class=\"wp-image-83\" srcset=\"http:\/\/185.96.163.203\/wordpress\/wp-content\/uploads\/2023\/06\/WhatsApp-Image-2023-05-12-at-09.00.34.jpeg 960w, http:\/\/185.96.163.203\/wordpress\/wp-content\/uploads\/2023\/06\/WhatsApp-Image-2023-05-12-at-09.00.34-300x225.jpeg 300w, http:\/\/185.96.163.203\/wordpress\/wp-content\/uploads\/2023\/06\/WhatsApp-Image-2023-05-12-at-09.00.34-768x576.jpeg 768w\" sizes=\"auto, (max-width: 960px) 100vw, 960px\" \/><\/figure>\n\n\n\n<figure class=\"wp-block-image size-full\"><img loading=\"lazy\" decoding=\"async\" width=\"960\" height=\"720\" src=\"http:\/\/185.96.163.203\/wordpress\/wp-content\/uploads\/2023\/06\/WhatsApp-Image-2023-05-12-at-09.00.33-1.jpeg\" alt=\"\" class=\"wp-image-85\" srcset=\"http:\/\/185.96.163.203\/wordpress\/wp-content\/uploads\/2023\/06\/WhatsApp-Image-2023-05-12-at-09.00.33-1.jpeg 960w, http:\/\/185.96.163.203\/wordpress\/wp-content\/uploads\/2023\/06\/WhatsApp-Image-2023-05-12-at-09.00.33-1-300x225.jpeg 300w, http:\/\/185.96.163.203\/wordpress\/wp-content\/uploads\/2023\/06\/WhatsApp-Image-2023-05-12-at-09.00.33-1-768x576.jpeg 768w\" sizes=\"auto, (max-width: 960px) 100vw, 960px\" \/><\/figure>\n<\/div>\n\n\n\n<div class=\"wp-block-column is-layout-flow wp-block-column-is-layout-flow\">\n<figure class=\"wp-block-image size-full\"><img loading=\"lazy\" decoding=\"async\" width=\"960\" height=\"720\" src=\"http:\/\/185.96.163.203\/wordpress\/wp-content\/uploads\/2023\/06\/WhatsApp-Image-2023-05-12-at-09.00.33-2.jpeg\" alt=\"\" class=\"wp-image-84\" srcset=\"http:\/\/185.96.163.203\/wordpress\/wp-content\/uploads\/2023\/06\/WhatsApp-Image-2023-05-12-at-09.00.33-2.jpeg 960w, http:\/\/185.96.163.203\/wordpress\/wp-content\/uploads\/2023\/06\/WhatsApp-Image-2023-05-12-at-09.00.33-2-300x225.jpeg 300w, http:\/\/185.96.163.203\/wordpress\/wp-content\/uploads\/2023\/06\/WhatsApp-Image-2023-05-12-at-09.00.33-2-768x576.jpeg 768w\" sizes=\"auto, (max-width: 960px) 100vw, 960px\" \/><\/figure>\n\n\n\n<figure class=\"wp-block-image size-full\"><img loading=\"lazy\" decoding=\"async\" width=\"960\" height=\"720\" src=\"http:\/\/185.96.163.203\/wordpress\/wp-content\/uploads\/2023\/06\/WhatsApp-Image-2023-05-12-at-09.00.33.jpeg\" alt=\"\" class=\"wp-image-87\" srcset=\"http:\/\/185.96.163.203\/wordpress\/wp-content\/uploads\/2023\/06\/WhatsApp-Image-2023-05-12-at-09.00.33.jpeg 960w, http:\/\/185.96.163.203\/wordpress\/wp-content\/uploads\/2023\/06\/WhatsApp-Image-2023-05-12-at-09.00.33-300x225.jpeg 300w, http:\/\/185.96.163.203\/wordpress\/wp-content\/uploads\/2023\/06\/WhatsApp-Image-2023-05-12-at-09.00.33-768x576.jpeg 768w\" sizes=\"auto, (max-width: 960px) 100vw, 960px\" \/><\/figure>\n<\/div>\n<\/div>\n","protected":false},"excerpt":{"rendered":"<p>Arkip\u00e4iv\u00e4 (ma-to) 100\u20ac Arki-ilta (ma-to) 60\u20ac Viikonloppu, p\u00e4iv\u00e4 tai ilta (pe-su) 180\u20ac Viikonloppu, 2 p\u00e4iv\u00e4\u00e4 250\u20ac VarauksetVuokratilan varauksen voi tehd\u00e4 l\u00e4hett\u00e4m\u00e4ll\u00e4 s\u00e4hk\u00f6postia osoitteeseen: &#x76;&#117;&#x6f;&#x6b;&#114;&#x61;&#116;i&#x6c;&#97;&#64;&#x76;&#101;i&#x6b;&#107;o&#x6c;&#97;&#x76;&#x70;&#107;&#x2d;&#x66;&#98;&#x6b;&#46;f&#x69; Yleiset ehdotVuokralainen sitoutuu noudattamaan seuraavia ehtoja sek\u00e4 korvaamaan vahingot, jotka n\u00e4ist\u00e4 s\u00e4\u00e4nn\u00f6ist\u00e4 poikkeaminen aiheuttaa. Vuokrauksesta yleisestiJ\u00e4rjestett\u00e4v\u00e4t tilaisuudet ovat yksityistilaisuuksia. Tilojen vuokraajan tulee olla v\u00e4hint\u00e4\u00e4n 24 -vuotias ellei ole toisin sovittu. Vuokraaja [&hellip;]<\/p>\n","protected":false},"author":1,"featured_media":0,"parent":0,"menu_order":5,"comment_status":"closed","ping_status":"closed","template":"templates\/template-full-width.php","meta":{"footnotes":""},"class_list":["post-55","page","type-page","status-publish","hentry"],"_links":{"self":[{"href":"http:\/\/185.96.163.203\/wordpress\/index.php?rest_route=\/wp\/v2\/pages\/55","targetHints":{"allow":["GET"]}}],"collection":[{"href":"http:\/\/185.96.163.203\/wordpress\/index.php?rest_route=\/wp\/v2\/pages"}],"about":[{"href":"http:\/\/185.96.163.203\/wordpress\/index.php?rest_route=\/wp\/v2\/types\/page"}],"author":[{"embeddable":true,"href":"http:\/\/185.96.163.203\/wordpress\/index.php?rest_route=\/wp\/v2\/users\/1"}],"replies":[{"embeddable":true,"href":"http:\/\/185.96.163.203\/wordpress\/index.php?rest_route=%2Fwp%2Fv2%2Fcomments&post=55"}],"version-history":[{"count":9,"href":"http:\/\/185.96.163.203\/wordpress\/index.php?rest_route=\/wp\/v2\/pages\/55\/revisions"}],"predecessor-version":[{"id":117,"href":"http:\/\/185.96.163.203\/wordpress\/index.php?rest_route=\/wp\/v2\/pages\/55\/revisions\/117"}],"wp:attachment":[{"href":"http:\/\/185.96.163.203\/wordpress\/index.php?rest_route=%2Fwp%2Fv2%2Fmedia&parent=55"}],"curies":[{"name":"wp","href":"https:\/\/api.w.org\/{rel}","templated":true}]}}